{"id":1323,"date":"2024-06-27T17:19:37","date_gmt":"2024-06-27T20:19:37","guid":{"rendered":"https:\/\/present.bigfishco.com.br\/jobs\/lg-mais\/?post_type=product&#038;p=1323"},"modified":"2024-07-03T17:43:19","modified_gmt":"2024-07-03T20:43:19","slug":"conjunto-calha-com-grelha-de-aluminio","status":"publish","type":"product","link":"https:\/\/present.bigfishco.com.br\/jobs\/lg-mais\/produto\/conjunto-calha-com-grelha-de-aluminio\/","title":{"rendered":"CJ CALHA COM GRELHA DE ALUM\u00cdNIO"},"content":{"rendered":"<p>Desenvolvido com mat\u00e9ria-prima de alta qualidade e diversas formas de encaixe e continuidade, inclusive em \u00e2ngulos de 90\u00b0.<br \/>\nCalhas nas cores preta ou cinza claro.<br \/>\nSuporta passagem de ve\u00edculos de at\u00e9 2.000 Kg<\/p>\n","protected":false},"excerpt":{"rendered":"<p>Desenvolvido com mat\u00e9ria-prima de alta qualidade e diversas formas de encaixe e continuidade, inclusive em \u00e2ngulos de 90\u00b0. Calhas nas cores preta ou cinza claro&#8230;.<\/p>\n","protected":false},"featured_media":1325,"comment_status":"closed","ping_status":"closed","template":"","meta":[],"product_cat":[56,62,53],"product_tag":[],"class_list":{"0":"post-1323","1":"product","2":"type-product","3":"status-publish","4":"has-post-thumbnail","6":"product_cat-aluminio-veicular","7":"product_cat-grelha","8":"product_cat-veicular","10":"first","11":"instock","12":"shipping-taxable","13":"product-type-simple"},"acf":[],"yoast_head":"<!-- This site is optimized with the Yoast SEO plugin v22.9 - https:\/\/yoast.com\/wordpress\/plugins\/seo\/ -->\n<title>CJ CALHA COM GRELHA DE ALUM\u00cdNIO - LGMAIS<\/title>\n<meta name=\"robots\" content=\"index, follow, max-snippet:-1, max-image-preview:large, max-video-preview:-1\" \/>\n<link rel=\"canonical\" href=\"https:\/\/present.bigfishco.com.br\/jobs\/lg-mais\/produto\/conjunto-calha-com-grelha-de-aluminio\/\" \/>\n<meta property=\"og:locale\" content=\"pt_BR\" \/>\n<meta property=\"og:type\" content=\"article\" \/>\n<meta property=\"og:title\" content=\"CJ CALHA COM GRELHA DE ALUM\u00cdNIO - LGMAIS\" \/>\n<meta property=\"og:description\" content=\"Desenvolvido com mat\u00e9ria-prima de alta qualidade e diversas formas de encaixe e continuidade, inclusive em \u00e2ngulos de 90\u00b0. Calhas nas cores preta ou cinza claro....\" \/>\n<meta property=\"og:url\" content=\"https:\/\/present.bigfishco.com.br\/jobs\/lg-mais\/produto\/conjunto-calha-com-grelha-de-aluminio\/\" \/>\n<meta property=\"og:site_name\" content=\"LGMAIS\" \/>\n<meta property=\"article:modified_time\" content=\"2024-07-03T20:43:19+00:00\" \/>\n<meta property=\"og:image\" content=\"https:\/\/present.bigfishco.com.br\/jobs\/lg-mais\/wp-content\/uploads\/2024\/06\/20240320_133808-copy-2.png\" \/>\n\t<meta property=\"og:image:width\" content=\"1823\" \/>\n\t<meta property=\"og:image:height\" content=\"1203\" \/>\n\t<meta property=\"og:image:type\" content=\"image\/png\" \/>\n<meta name=\"twitter:card\" content=\"summary_large_image\" \/>\n<meta name=\"twitter:label1\" content=\"Est. tempo de leitura\" \/>\n\t<meta name=\"twitter:data1\" content=\"1 minuto\" \/>\n<script type=\"application\/ld+json\" class=\"yoast-schema-graph\">{\"@context\":\"https:\/\/schema.org\",\"@graph\":[{\"@type\":\"WebPage\",\"@id\":\"https:\/\/present.bigfishco.com.br\/jobs\/lg-mais\/produto\/conjunto-calha-com-grelha-de-aluminio\/\",\"url\":\"https:\/\/present.bigfishco.com.br\/jobs\/lg-mais\/produto\/conjunto-calha-com-grelha-de-aluminio\/\",\"name\":\"CJ CALHA COM GRELHA DE ALUM\u00cdNIO - LGMAIS\",\"isPartOf\":{\"@id\":\"https:\/\/present.bigfishco.com.br\/jobs\/lg-mais\/#website\"},\"primaryImageOfPage\":{\"@id\":\"https:\/\/present.bigfishco.com.br\/jobs\/lg-mais\/produto\/conjunto-calha-com-grelha-de-aluminio\/#primaryimage\"},\"image\":{\"@id\":\"https:\/\/present.bigfishco.com.br\/jobs\/lg-mais\/produto\/conjunto-calha-com-grelha-de-aluminio\/#primaryimage\"},\"thumbnailUrl\":\"https:\/\/present.bigfishco.com.br\/jobs\/lg-mais\/wp-content\/uploads\/2024\/06\/20240320_133808-copy-2.png\",\"datePublished\":\"2024-06-27T20:19:37+00:00\",\"dateModified\":\"2024-07-03T20:43:19+00:00\",\"breadcrumb\":{\"@id\":\"https:\/\/present.bigfishco.com.br\/jobs\/lg-mais\/produto\/conjunto-calha-com-grelha-de-aluminio\/#breadcrumb\"},\"inLanguage\":\"pt-BR\",\"potentialAction\":[{\"@type\":\"ReadAction\",\"target\":[\"https:\/\/present.bigfishco.com.br\/jobs\/lg-mais\/produto\/conjunto-calha-com-grelha-de-aluminio\/\"]}]},{\"@type\":\"ImageObject\",\"inLanguage\":\"pt-BR\",\"@id\":\"https:\/\/present.bigfishco.com.br\/jobs\/lg-mais\/produto\/conjunto-calha-com-grelha-de-aluminio\/#primaryimage\",\"url\":\"https:\/\/present.bigfishco.com.br\/jobs\/lg-mais\/wp-content\/uploads\/2024\/06\/20240320_133808-copy-2.png\",\"contentUrl\":\"https:\/\/present.bigfishco.com.br\/jobs\/lg-mais\/wp-content\/uploads\/2024\/06\/20240320_133808-copy-2.png\",\"width\":1823,\"height\":1203},{\"@type\":\"BreadcrumbList\",\"@id\":\"https:\/\/present.bigfishco.com.br\/jobs\/lg-mais\/produto\/conjunto-calha-com-grelha-de-aluminio\/#breadcrumb\",\"itemListElement\":[{\"@type\":\"ListItem\",\"position\":1,\"name\":\"In\u00edcio\",\"item\":\"https:\/\/present.bigfishco.com.br\/jobs\/lg-mais\/\"},{\"@type\":\"ListItem\",\"position\":2,\"name\":\"Shop\",\"item\":\"https:\/\/present.bigfishco.com.br\/jobs\/lg-mais\/shop\/\"},{\"@type\":\"ListItem\",\"position\":3,\"name\":\"CJ CALHA COM GRELHA DE ALUM\u00cdNIO\"}]},{\"@type\":\"WebSite\",\"@id\":\"https:\/\/present.bigfishco.com.br\/jobs\/lg-mais\/#website\",\"url\":\"https:\/\/present.bigfishco.com.br\/jobs\/lg-mais\/\",\"name\":\"LGMAIS\",\"description\":\"\",\"potentialAction\":[{\"@type\":\"SearchAction\",\"target\":{\"@type\":\"EntryPoint\",\"urlTemplate\":\"https:\/\/present.bigfishco.com.br\/jobs\/lg-mais\/?s={search_term_string}\"},\"query-input\":\"required name=search_term_string\"}],\"inLanguage\":\"pt-BR\"}]}<\/script>\n<!-- \/ Yoast SEO plugin. -->","yoast_head_json":{"title":"CJ CALHA COM GRELHA DE ALUM\u00cdNIO - LGMAIS","robots":{"index":"index","follow":"follow","max-snippet":"max-snippet:-1","max-image-preview":"max-image-preview:large","max-video-preview":"max-video-preview:-1"},"canonical":"https:\/\/present.bigfishco.com.br\/jobs\/lg-mais\/produto\/conjunto-calha-com-grelha-de-aluminio\/","og_locale":"pt_BR","og_type":"article","og_title":"CJ CALHA COM GRELHA DE ALUM\u00cdNIO - LGMAIS","og_description":"Desenvolvido com mat\u00e9ria-prima de alta qualidade e diversas formas de encaixe e continuidade, inclusive em \u00e2ngulos de 90\u00b0. Calhas nas cores preta ou cinza claro....","og_url":"https:\/\/present.bigfishco.com.br\/jobs\/lg-mais\/produto\/conjunto-calha-com-grelha-de-aluminio\/","og_site_name":"LGMAIS","article_modified_time":"2024-07-03T20:43:19+00:00","og_image":[{"width":1823,"height":1203,"url":"https:\/\/present.bigfishco.com.br\/jobs\/lg-mais\/wp-content\/uploads\/2024\/06\/20240320_133808-copy-2.png","type":"image\/png"}],"twitter_card":"summary_large_image","twitter_misc":{"Est. tempo de leitura":"1 minuto"},"schema":{"@context":"https:\/\/schema.org","@graph":[{"@type":"WebPage","@id":"https:\/\/present.bigfishco.com.br\/jobs\/lg-mais\/produto\/conjunto-calha-com-grelha-de-aluminio\/","url":"https:\/\/present.bigfishco.com.br\/jobs\/lg-mais\/produto\/conjunto-calha-com-grelha-de-aluminio\/","name":"CJ CALHA COM GRELHA DE ALUM\u00cdNIO - LGMAIS","isPartOf":{"@id":"https:\/\/present.bigfishco.com.br\/jobs\/lg-mais\/#website"},"primaryImageOfPage":{"@id":"https:\/\/present.bigfishco.com.br\/jobs\/lg-mais\/produto\/conjunto-calha-com-grelha-de-aluminio\/#primaryimage"},"image":{"@id":"https:\/\/present.bigfishco.com.br\/jobs\/lg-mais\/produto\/conjunto-calha-com-grelha-de-aluminio\/#primaryimage"},"thumbnailUrl":"https:\/\/present.bigfishco.com.br\/jobs\/lg-mais\/wp-content\/uploads\/2024\/06\/20240320_133808-copy-2.png","datePublished":"2024-06-27T20:19:37+00:00","dateModified":"2024-07-03T20:43:19+00:00","breadcrumb":{"@id":"https:\/\/present.bigfishco.com.br\/jobs\/lg-mais\/produto\/conjunto-calha-com-grelha-de-aluminio\/#breadcrumb"},"inLanguage":"pt-BR","potentialAction":[{"@type":"ReadAction","target":["https:\/\/present.bigfishco.com.br\/jobs\/lg-mais\/produto\/conjunto-calha-com-grelha-de-aluminio\/"]}]},{"@type":"ImageObject","inLanguage":"pt-BR","@id":"https:\/\/present.bigfishco.com.br\/jobs\/lg-mais\/produto\/conjunto-calha-com-grelha-de-aluminio\/#primaryimage","url":"https:\/\/present.bigfishco.com.br\/jobs\/lg-mais\/wp-content\/uploads\/2024\/06\/20240320_133808-copy-2.png","contentUrl":"https:\/\/present.bigfishco.com.br\/jobs\/lg-mais\/wp-content\/uploads\/2024\/06\/20240320_133808-copy-2.png","width":1823,"height":1203},{"@type":"BreadcrumbList","@id":"https:\/\/present.bigfishco.com.br\/jobs\/lg-mais\/produto\/conjunto-calha-com-grelha-de-aluminio\/#breadcrumb","itemListElement":[{"@type":"ListItem","position":1,"name":"In\u00edcio","item":"https:\/\/present.bigfishco.com.br\/jobs\/lg-mais\/"},{"@type":"ListItem","position":2,"name":"Shop","item":"https:\/\/present.bigfishco.com.br\/jobs\/lg-mais\/shop\/"},{"@type":"ListItem","position":3,"name":"CJ CALHA COM GRELHA DE ALUM\u00cdNIO"}]},{"@type":"WebSite","@id":"https:\/\/present.bigfishco.com.br\/jobs\/lg-mais\/#website","url":"https:\/\/present.bigfishco.com.br\/jobs\/lg-mais\/","name":"LGMAIS","description":"","potentialAction":[{"@type":"SearchAction","target":{"@type":"EntryPoint","urlTemplate":"https:\/\/present.bigfishco.com.br\/jobs\/lg-mais\/?s={search_term_string}"},"query-input":"required name=search_term_string"}],"inLanguage":"pt-BR"}]}},"_links":{"self":[{"href":"https:\/\/present.bigfishco.com.br\/jobs\/lg-mais\/wp-json\/wp\/v2\/product\/1323","targetHints":{"allow":["GET"]}}],"collection":[{"href":"https:\/\/present.bigfishco.com.br\/jobs\/lg-mais\/wp-json\/wp\/v2\/product"}],"about":[{"href":"https:\/\/present.bigfishco.com.br\/jobs\/lg-mais\/wp-json\/wp\/v2\/types\/product"}],"replies":[{"embeddable":true,"href":"https:\/\/present.bigfishco.com.br\/jobs\/lg-mais\/wp-json\/wp\/v2\/comments?post=1323"}],"wp:featuredmedia":[{"embeddable":true,"href":"https:\/\/present.bigfishco.com.br\/jobs\/lg-mais\/wp-json\/wp\/v2\/media\/1325"}],"wp:attachment":[{"href":"https:\/\/present.bigfishco.com.br\/jobs\/lg-mais\/wp-json\/wp\/v2\/media?parent=1323"}],"wp:term":[{"taxonomy":"product_cat","embeddable":true,"href":"https:\/\/present.bigfishco.com.br\/jobs\/lg-mais\/wp-json\/wp\/v2\/product_cat?post=1323"},{"taxonomy":"product_tag","embeddable":true,"href":"https:\/\/present.bigfishco.com.br\/jobs\/lg-mais\/wp-json\/wp\/v2\/product_tag?post=1323"}],"curies":[{"name":"wp","href":"https:\/\/api.w.org\/{rel}","templated":true}]}}