{"id":594,"date":"2023-11-09T14:41:02","date_gmt":"2023-11-09T17:41:02","guid":{"rendered":"https:\/\/present.bigfishco.com.br\/jobs\/lg-mais\/?post_type=product&#038;p=594"},"modified":"2024-02-28T15:02:46","modified_gmt":"2024-02-28T18:02:46","slug":"conjunto-de-grelha-e-porta-grelhareta-linear-com-tela-e-parafuso-aluminio","status":"publish","type":"product","link":"https:\/\/present.bigfishco.com.br\/jobs\/lg-mais\/produto\/conjunto-de-grelha-e-porta-grelhareta-linear-com-tela-e-parafuso-aluminio\/","title":{"rendered":"CJ GRELHA COM TELA PEDESTRE ALUMINIO"},"content":{"rendered":"<p>Confira a linha de grelhas e porta grelhas da LGMAIS. Feitas com alum\u00ednio reciclado de alta qualidade, nossos produtos oferecem durabilidade, sustentabilidade e facilidade de instala\u00e7\u00e3o. Com efici\u00eancia na drenagem de \u00e1gua, resist\u00eancia ao tr\u00e1fego de pedestres e solu\u00e7\u00f5es modernas e funcionais, encontre o equil\u00edbrio perfeito entre forma e fun\u00e7\u00e3o em cada detalhe, transformando seus espa\u00e7os com confian\u00e7a e qualidade. A tela protetora ainda impede a passagem de sujeiras e insetos.<\/p>\n","protected":false},"excerpt":{"rendered":"<p>Confira a linha de grelhas e porta grelhas da LGMAIS. Feitas com alum\u00ednio reciclado de alta qualidade, nossos produtos oferecem durabilidade, sustentabilidade e facilidade de&#8230;<\/p>\n","protected":false},"featured_media":588,"comment_status":"closed","ping_status":"closed","template":"","meta":[],"product_cat":[43,62,42],"product_tag":[],"class_list":{"0":"post-594","1":"product","2":"type-product","3":"status-publish","4":"has-post-thumbnail","6":"product_cat-aluminio","7":"product_cat-grelha","8":"product_cat-pedestre","10":"first","11":"instock","12":"shipping-taxable","13":"product-type-simple"},"acf":[],"yoast_head":"<!-- This site is optimized with the Yoast SEO plugin v22.9 - https:\/\/yoast.com\/wordpress\/plugins\/seo\/ -->\n<title>CJ GRELHA COM TELA PEDESTRE ALUMINIO - LGMAIS<\/title>\n<meta name=\"robots\" content=\"index, follow, max-snippet:-1, max-image-preview:large, max-video-preview:-1\" \/>\n<link rel=\"canonical\" href=\"https:\/\/present.bigfishco.com.br\/jobs\/lg-mais\/produto\/conjunto-de-grelha-e-porta-grelhareta-linear-com-tela-e-parafuso-aluminio\/\" \/>\n<meta property=\"og:locale\" content=\"pt_BR\" \/>\n<meta property=\"og:type\" content=\"article\" \/>\n<meta property=\"og:title\" content=\"CJ GRELHA COM TELA PEDESTRE ALUMINIO - LGMAIS\" \/>\n<meta property=\"og:description\" content=\"Confira a linha de grelhas e porta grelhas da LGMAIS. Feitas com alum\u00ednio reciclado de alta qualidade, nossos produtos oferecem durabilidade, sustentabilidade e facilidade de...\" \/>\n<meta property=\"og:url\" content=\"https:\/\/present.bigfishco.com.br\/jobs\/lg-mais\/produto\/conjunto-de-grelha-e-porta-grelhareta-linear-com-tela-e-parafuso-aluminio\/\" \/>\n<meta property=\"og:site_name\" content=\"LGMAIS\" \/>\n<meta property=\"article:modified_time\" content=\"2024-02-28T18:02:46+00:00\" \/>\n<meta property=\"og:image\" content=\"https:\/\/present.bigfishco.com.br\/jobs\/lg-mais\/wp-content\/uploads\/2023\/11\/6d25bb7bc009d8888751dade3d4919d7.png\" \/>\n\t<meta property=\"og:image:width\" content=\"1100\" \/>\n\t<meta property=\"og:image:height\" content=\"1200\" \/>\n\t<meta property=\"og:image:type\" content=\"image\/png\" \/>\n<meta name=\"twitter:card\" content=\"summary_large_image\" \/>\n<script type=\"application\/ld+json\" class=\"yoast-schema-graph\">{\"@context\":\"https:\/\/schema.org\",\"@graph\":[{\"@type\":\"WebPage\",\"@id\":\"https:\/\/present.bigfishco.com.br\/jobs\/lg-mais\/produto\/conjunto-de-grelha-e-porta-grelhareta-linear-com-tela-e-parafuso-aluminio\/\",\"url\":\"https:\/\/present.bigfishco.com.br\/jobs\/lg-mais\/produto\/conjunto-de-grelha-e-porta-grelhareta-linear-com-tela-e-parafuso-aluminio\/\",\"name\":\"CJ GRELHA COM TELA PEDESTRE ALUMINIO - LGMAIS\",\"isPartOf\":{\"@id\":\"https:\/\/present.bigfishco.com.br\/jobs\/lg-mais\/#website\"},\"primaryImageOfPage\":{\"@id\":\"https:\/\/present.bigfishco.com.br\/jobs\/lg-mais\/produto\/conjunto-de-grelha-e-porta-grelhareta-linear-com-tela-e-parafuso-aluminio\/#primaryimage\"},\"image\":{\"@id\":\"https:\/\/present.bigfishco.com.br\/jobs\/lg-mais\/produto\/conjunto-de-grelha-e-porta-grelhareta-linear-com-tela-e-parafuso-aluminio\/#primaryimage\"},\"thumbnailUrl\":\"https:\/\/present.bigfishco.com.br\/jobs\/lg-mais\/wp-content\/uploads\/2023\/11\/6d25bb7bc009d8888751dade3d4919d7.png\",\"datePublished\":\"2023-11-09T17:41:02+00:00\",\"dateModified\":\"2024-02-28T18:02:46+00:00\",\"breadcrumb\":{\"@id\":\"https:\/\/present.bigfishco.com.br\/jobs\/lg-mais\/produto\/conjunto-de-grelha-e-porta-grelhareta-linear-com-tela-e-parafuso-aluminio\/#breadcrumb\"},\"inLanguage\":\"pt-BR\",\"potentialAction\":[{\"@type\":\"ReadAction\",\"target\":[\"https:\/\/present.bigfishco.com.br\/jobs\/lg-mais\/produto\/conjunto-de-grelha-e-porta-grelhareta-linear-com-tela-e-parafuso-aluminio\/\"]}]},{\"@type\":\"ImageObject\",\"inLanguage\":\"pt-BR\",\"@id\":\"https:\/\/present.bigfishco.com.br\/jobs\/lg-mais\/produto\/conjunto-de-grelha-e-porta-grelhareta-linear-com-tela-e-parafuso-aluminio\/#primaryimage\",\"url\":\"https:\/\/present.bigfishco.com.br\/jobs\/lg-mais\/wp-content\/uploads\/2023\/11\/6d25bb7bc009d8888751dade3d4919d7.png\",\"contentUrl\":\"https:\/\/present.bigfishco.com.br\/jobs\/lg-mais\/wp-content\/uploads\/2023\/11\/6d25bb7bc009d8888751dade3d4919d7.png\",\"width\":1100,\"height\":1200},{\"@type\":\"BreadcrumbList\",\"@id\":\"https:\/\/present.bigfishco.com.br\/jobs\/lg-mais\/produto\/conjunto-de-grelha-e-porta-grelhareta-linear-com-tela-e-parafuso-aluminio\/#breadcrumb\",\"itemListElement\":[{\"@type\":\"ListItem\",\"position\":1,\"name\":\"In\u00edcio\",\"item\":\"https:\/\/present.bigfishco.com.br\/jobs\/lg-mais\/\"},{\"@type\":\"ListItem\",\"position\":2,\"name\":\"Shop\",\"item\":\"https:\/\/present.bigfishco.com.br\/jobs\/lg-mais\/shop\/\"},{\"@type\":\"ListItem\",\"position\":3,\"name\":\"CJ GRELHA COM TELA PEDESTRE ALUMINIO\"}]},{\"@type\":\"WebSite\",\"@id\":\"https:\/\/present.bigfishco.com.br\/jobs\/lg-mais\/#website\",\"url\":\"https:\/\/present.bigfishco.com.br\/jobs\/lg-mais\/\",\"name\":\"LGMAIS\",\"description\":\"\",\"potentialAction\":[{\"@type\":\"SearchAction\",\"target\":{\"@type\":\"EntryPoint\",\"urlTemplate\":\"https:\/\/present.bigfishco.com.br\/jobs\/lg-mais\/?s={search_term_string}\"},\"query-input\":\"required name=search_term_string\"}],\"inLanguage\":\"pt-BR\"}]}<\/script>\n<!-- \/ Yoast SEO plugin. -->","yoast_head_json":{"title":"CJ GRELHA COM TELA PEDESTRE ALUMINIO - LGMAIS","robots":{"index":"index","follow":"follow","max-snippet":"max-snippet:-1","max-image-preview":"max-image-preview:large","max-video-preview":"max-video-preview:-1"},"canonical":"https:\/\/present.bigfishco.com.br\/jobs\/lg-mais\/produto\/conjunto-de-grelha-e-porta-grelhareta-linear-com-tela-e-parafuso-aluminio\/","og_locale":"pt_BR","og_type":"article","og_title":"CJ GRELHA COM TELA PEDESTRE ALUMINIO - LGMAIS","og_description":"Confira a linha de grelhas e porta grelhas da LGMAIS. Feitas com alum\u00ednio reciclado de alta qualidade, nossos produtos oferecem durabilidade, sustentabilidade e facilidade de...","og_url":"https:\/\/present.bigfishco.com.br\/jobs\/lg-mais\/produto\/conjunto-de-grelha-e-porta-grelhareta-linear-com-tela-e-parafuso-aluminio\/","og_site_name":"LGMAIS","article_modified_time":"2024-02-28T18:02:46+00:00","og_image":[{"width":1100,"height":1200,"url":"https:\/\/present.bigfishco.com.br\/jobs\/lg-mais\/wp-content\/uploads\/2023\/11\/6d25bb7bc009d8888751dade3d4919d7.png","type":"image\/png"}],"twitter_card":"summary_large_image","schema":{"@context":"https:\/\/schema.org","@graph":[{"@type":"WebPage","@id":"https:\/\/present.bigfishco.com.br\/jobs\/lg-mais\/produto\/conjunto-de-grelha-e-porta-grelhareta-linear-com-tela-e-parafuso-aluminio\/","url":"https:\/\/present.bigfishco.com.br\/jobs\/lg-mais\/produto\/conjunto-de-grelha-e-porta-grelhareta-linear-com-tela-e-parafuso-aluminio\/","name":"CJ GRELHA COM TELA PEDESTRE ALUMINIO - LGMAIS","isPartOf":{"@id":"https:\/\/present.bigfishco.com.br\/jobs\/lg-mais\/#website"},"primaryImageOfPage":{"@id":"https:\/\/present.bigfishco.com.br\/jobs\/lg-mais\/produto\/conjunto-de-grelha-e-porta-grelhareta-linear-com-tela-e-parafuso-aluminio\/#primaryimage"},"image":{"@id":"https:\/\/present.bigfishco.com.br\/jobs\/lg-mais\/produto\/conjunto-de-grelha-e-porta-grelhareta-linear-com-tela-e-parafuso-aluminio\/#primaryimage"},"thumbnailUrl":"https:\/\/present.bigfishco.com.br\/jobs\/lg-mais\/wp-content\/uploads\/2023\/11\/6d25bb7bc009d8888751dade3d4919d7.png","datePublished":"2023-11-09T17:41:02+00:00","dateModified":"2024-02-28T18:02:46+00:00","breadcrumb":{"@id":"https:\/\/present.bigfishco.com.br\/jobs\/lg-mais\/produto\/conjunto-de-grelha-e-porta-grelhareta-linear-com-tela-e-parafuso-aluminio\/#breadcrumb"},"inLanguage":"pt-BR","potentialAction":[{"@type":"ReadAction","target":["https:\/\/present.bigfishco.com.br\/jobs\/lg-mais\/produto\/conjunto-de-grelha-e-porta-grelhareta-linear-com-tela-e-parafuso-aluminio\/"]}]},{"@type":"ImageObject","inLanguage":"pt-BR","@id":"https:\/\/present.bigfishco.com.br\/jobs\/lg-mais\/produto\/conjunto-de-grelha-e-porta-grelhareta-linear-com-tela-e-parafuso-aluminio\/#primaryimage","url":"https:\/\/present.bigfishco.com.br\/jobs\/lg-mais\/wp-content\/uploads\/2023\/11\/6d25bb7bc009d8888751dade3d4919d7.png","contentUrl":"https:\/\/present.bigfishco.com.br\/jobs\/lg-mais\/wp-content\/uploads\/2023\/11\/6d25bb7bc009d8888751dade3d4919d7.png","width":1100,"height":1200},{"@type":"BreadcrumbList","@id":"https:\/\/present.bigfishco.com.br\/jobs\/lg-mais\/produto\/conjunto-de-grelha-e-porta-grelhareta-linear-com-tela-e-parafuso-aluminio\/#breadcrumb","itemListElement":[{"@type":"ListItem","position":1,"name":"In\u00edcio","item":"https:\/\/present.bigfishco.com.br\/jobs\/lg-mais\/"},{"@type":"ListItem","position":2,"name":"Shop","item":"https:\/\/present.bigfishco.com.br\/jobs\/lg-mais\/shop\/"},{"@type":"ListItem","position":3,"name":"CJ GRELHA COM TELA PEDESTRE ALUMINIO"}]},{"@type":"WebSite","@id":"https:\/\/present.bigfishco.com.br\/jobs\/lg-mais\/#website","url":"https:\/\/present.bigfishco.com.br\/jobs\/lg-mais\/","name":"LGMAIS","description":"","potentialAction":[{"@type":"SearchAction","target":{"@type":"EntryPoint","urlTemplate":"https:\/\/present.bigfishco.com.br\/jobs\/lg-mais\/?s={search_term_string}"},"query-input":"required name=search_term_string"}],"inLanguage":"pt-BR"}]}},"_links":{"self":[{"href":"https:\/\/present.bigfishco.com.br\/jobs\/lg-mais\/wp-json\/wp\/v2\/product\/594","targetHints":{"allow":["GET"]}}],"collection":[{"href":"https:\/\/present.bigfishco.com.br\/jobs\/lg-mais\/wp-json\/wp\/v2\/product"}],"about":[{"href":"https:\/\/present.bigfishco.com.br\/jobs\/lg-mais\/wp-json\/wp\/v2\/types\/product"}],"replies":[{"embeddable":true,"href":"https:\/\/present.bigfishco.com.br\/jobs\/lg-mais\/wp-json\/wp\/v2\/comments?post=594"}],"wp:featuredmedia":[{"embeddable":true,"href":"https:\/\/present.bigfishco.com.br\/jobs\/lg-mais\/wp-json\/wp\/v2\/media\/588"}],"wp:attachment":[{"href":"https:\/\/present.bigfishco.com.br\/jobs\/lg-mais\/wp-json\/wp\/v2\/media?parent=594"}],"wp:term":[{"taxonomy":"product_cat","embeddable":true,"href":"https:\/\/present.bigfishco.com.br\/jobs\/lg-mais\/wp-json\/wp\/v2\/product_cat?post=594"},{"taxonomy":"product_tag","embeddable":true,"href":"https:\/\/present.bigfishco.com.br\/jobs\/lg-mais\/wp-json\/wp\/v2\/product_tag?post=594"}],"curies":[{"name":"wp","href":"https:\/\/api.w.org\/{rel}","templated":true}]}}