{"id":696,"date":"2024-01-04T17:22:39","date_gmt":"2024-01-04T20:22:39","guid":{"rendered":"https:\/\/present.bigfishco.com.br\/jobs\/lg-mais\/?post_type=product&#038;p=696"},"modified":"2024-03-05T15:41:31","modified_gmt":"2024-03-05T18:41:31","slug":"tampao-com-aro-plastico","status":"publish","type":"product","link":"https:\/\/present.bigfishco.com.br\/jobs\/lg-mais\/produto\/tampao-com-aro-plastico\/","title":{"rendered":"TAMP\u00c3O COM ARO PL\u00c1STICO"},"content":{"rendered":"<p>O Tamp\u00e3o Pl\u00e1stico LGMAIS \u00e9 produzido com mat\u00e9ria prima dur\u00e1vel e com design moderno. Resistente ao tr\u00e1fego de pessoas, os modelos s\u00e3o recomendados para caixas de passagens, esgotos e afins.<\/p>\n","protected":false},"excerpt":{"rendered":"<p>O Tamp\u00e3o Pl\u00e1stico LGMAIS \u00e9 produzido com mat\u00e9ria prima dur\u00e1vel e com design moderno. Resistente ao tr\u00e1fego de pessoas, os modelos s\u00e3o recomendados para caixas&#8230;<\/p>\n","protected":false},"featured_media":697,"comment_status":"closed","ping_status":"closed","template":"","meta":[],"product_cat":[42,63,54,64],"product_tag":[],"class_list":{"0":"post-696","1":"product","2":"type-product","3":"status-publish","4":"has-post-thumbnail","6":"product_cat-pedestre","7":"product_cat-pedestre-2","8":"product_cat-plastico","9":"product_cat-plastico-pedestre-2","11":"first","12":"instock","13":"shipping-taxable","14":"product-type-simple"},"acf":[],"yoast_head":"<!-- This site is optimized with the Yoast SEO plugin v22.9 - https:\/\/yoast.com\/wordpress\/plugins\/seo\/ -->\n<title>TAMP\u00c3O COM ARO PL\u00c1STICO - LGMAIS<\/title>\n<meta name=\"robots\" content=\"index, follow, max-snippet:-1, max-image-preview:large, max-video-preview:-1\" \/>\n<link rel=\"canonical\" href=\"https:\/\/present.bigfishco.com.br\/jobs\/lg-mais\/produto\/tampao-com-aro-plastico\/\" \/>\n<meta property=\"og:locale\" content=\"pt_BR\" \/>\n<meta property=\"og:type\" content=\"article\" \/>\n<meta property=\"og:title\" content=\"TAMP\u00c3O COM ARO PL\u00c1STICO - LGMAIS\" \/>\n<meta property=\"og:description\" content=\"O Tamp\u00e3o Pl\u00e1stico LGMAIS \u00e9 produzido com mat\u00e9ria prima dur\u00e1vel e com design moderno. Resistente ao tr\u00e1fego de pessoas, os modelos s\u00e3o recomendados para caixas...\" \/>\n<meta property=\"og:url\" content=\"https:\/\/present.bigfishco.com.br\/jobs\/lg-mais\/produto\/tampao-com-aro-plastico\/\" \/>\n<meta property=\"og:site_name\" content=\"LGMAIS\" \/>\n<meta property=\"article:modified_time\" content=\"2024-03-05T18:41:31+00:00\" \/>\n<meta property=\"og:image\" content=\"https:\/\/present.bigfishco.com.br\/jobs\/lg-mais\/wp-content\/uploads\/2024\/01\/TPPS3030PR-BGBR.png\" \/>\n\t<meta property=\"og:image:width\" content=\"1080\" \/>\n\t<meta property=\"og:image:height\" content=\"1080\" \/>\n\t<meta property=\"og:image:type\" content=\"image\/png\" \/>\n<meta name=\"twitter:card\" content=\"summary_large_image\" \/>\n<script type=\"application\/ld+json\" class=\"yoast-schema-graph\">{\"@context\":\"https:\/\/schema.org\",\"@graph\":[{\"@type\":\"WebPage\",\"@id\":\"https:\/\/present.bigfishco.com.br\/jobs\/lg-mais\/produto\/tampao-com-aro-plastico\/\",\"url\":\"https:\/\/present.bigfishco.com.br\/jobs\/lg-mais\/produto\/tampao-com-aro-plastico\/\",\"name\":\"TAMP\u00c3O COM ARO PL\u00c1STICO - LGMAIS\",\"isPartOf\":{\"@id\":\"https:\/\/present.bigfishco.com.br\/jobs\/lg-mais\/#website\"},\"primaryImageOfPage\":{\"@id\":\"https:\/\/present.bigfishco.com.br\/jobs\/lg-mais\/produto\/tampao-com-aro-plastico\/#primaryimage\"},\"image\":{\"@id\":\"https:\/\/present.bigfishco.com.br\/jobs\/lg-mais\/produto\/tampao-com-aro-plastico\/#primaryimage\"},\"thumbnailUrl\":\"https:\/\/present.bigfishco.com.br\/jobs\/lg-mais\/wp-content\/uploads\/2024\/01\/TPPS3030PR-BGBR.png\",\"datePublished\":\"2024-01-04T20:22:39+00:00\",\"dateModified\":\"2024-03-05T18:41:31+00:00\",\"breadcrumb\":{\"@id\":\"https:\/\/present.bigfishco.com.br\/jobs\/lg-mais\/produto\/tampao-com-aro-plastico\/#breadcrumb\"},\"inLanguage\":\"pt-BR\",\"potentialAction\":[{\"@type\":\"ReadAction\",\"target\":[\"https:\/\/present.bigfishco.com.br\/jobs\/lg-mais\/produto\/tampao-com-aro-plastico\/\"]}]},{\"@type\":\"ImageObject\",\"inLanguage\":\"pt-BR\",\"@id\":\"https:\/\/present.bigfishco.com.br\/jobs\/lg-mais\/produto\/tampao-com-aro-plastico\/#primaryimage\",\"url\":\"https:\/\/present.bigfishco.com.br\/jobs\/lg-mais\/wp-content\/uploads\/2024\/01\/TPPS3030PR-BGBR.png\",\"contentUrl\":\"https:\/\/present.bigfishco.com.br\/jobs\/lg-mais\/wp-content\/uploads\/2024\/01\/TPPS3030PR-BGBR.png\",\"width\":1080,\"height\":1080},{\"@type\":\"BreadcrumbList\",\"@id\":\"https:\/\/present.bigfishco.com.br\/jobs\/lg-mais\/produto\/tampao-com-aro-plastico\/#breadcrumb\",\"itemListElement\":[{\"@type\":\"ListItem\",\"position\":1,\"name\":\"In\u00edcio\",\"item\":\"https:\/\/present.bigfishco.com.br\/jobs\/lg-mais\/\"},{\"@type\":\"ListItem\",\"position\":2,\"name\":\"Shop\",\"item\":\"https:\/\/present.bigfishco.com.br\/jobs\/lg-mais\/shop\/\"},{\"@type\":\"ListItem\",\"position\":3,\"name\":\"TAMP\u00c3O COM ARO PL\u00c1STICO\"}]},{\"@type\":\"WebSite\",\"@id\":\"https:\/\/present.bigfishco.com.br\/jobs\/lg-mais\/#website\",\"url\":\"https:\/\/present.bigfishco.com.br\/jobs\/lg-mais\/\",\"name\":\"LGMAIS\",\"description\":\"\",\"potentialAction\":[{\"@type\":\"SearchAction\",\"target\":{\"@type\":\"EntryPoint\",\"urlTemplate\":\"https:\/\/present.bigfishco.com.br\/jobs\/lg-mais\/?s={search_term_string}\"},\"query-input\":\"required name=search_term_string\"}],\"inLanguage\":\"pt-BR\"}]}<\/script>\n<!-- \/ Yoast SEO plugin. -->","yoast_head_json":{"title":"TAMP\u00c3O COM ARO PL\u00c1STICO - LGMAIS","robots":{"index":"index","follow":"follow","max-snippet":"max-snippet:-1","max-image-preview":"max-image-preview:large","max-video-preview":"max-video-preview:-1"},"canonical":"https:\/\/present.bigfishco.com.br\/jobs\/lg-mais\/produto\/tampao-com-aro-plastico\/","og_locale":"pt_BR","og_type":"article","og_title":"TAMP\u00c3O COM ARO PL\u00c1STICO - LGMAIS","og_description":"O Tamp\u00e3o Pl\u00e1stico LGMAIS \u00e9 produzido com mat\u00e9ria prima dur\u00e1vel e com design moderno. Resistente ao tr\u00e1fego de pessoas, os modelos s\u00e3o recomendados para caixas...","og_url":"https:\/\/present.bigfishco.com.br\/jobs\/lg-mais\/produto\/tampao-com-aro-plastico\/","og_site_name":"LGMAIS","article_modified_time":"2024-03-05T18:41:31+00:00","og_image":[{"width":1080,"height":1080,"url":"https:\/\/present.bigfishco.com.br\/jobs\/lg-mais\/wp-content\/uploads\/2024\/01\/TPPS3030PR-BGBR.png","type":"image\/png"}],"twitter_card":"summary_large_image","schema":{"@context":"https:\/\/schema.org","@graph":[{"@type":"WebPage","@id":"https:\/\/present.bigfishco.com.br\/jobs\/lg-mais\/produto\/tampao-com-aro-plastico\/","url":"https:\/\/present.bigfishco.com.br\/jobs\/lg-mais\/produto\/tampao-com-aro-plastico\/","name":"TAMP\u00c3O COM ARO PL\u00c1STICO - LGMAIS","isPartOf":{"@id":"https:\/\/present.bigfishco.com.br\/jobs\/lg-mais\/#website"},"primaryImageOfPage":{"@id":"https:\/\/present.bigfishco.com.br\/jobs\/lg-mais\/produto\/tampao-com-aro-plastico\/#primaryimage"},"image":{"@id":"https:\/\/present.bigfishco.com.br\/jobs\/lg-mais\/produto\/tampao-com-aro-plastico\/#primaryimage"},"thumbnailUrl":"https:\/\/present.bigfishco.com.br\/jobs\/lg-mais\/wp-content\/uploads\/2024\/01\/TPPS3030PR-BGBR.png","datePublished":"2024-01-04T20:22:39+00:00","dateModified":"2024-03-05T18:41:31+00:00","breadcrumb":{"@id":"https:\/\/present.bigfishco.com.br\/jobs\/lg-mais\/produto\/tampao-com-aro-plastico\/#breadcrumb"},"inLanguage":"pt-BR","potentialAction":[{"@type":"ReadAction","target":["https:\/\/present.bigfishco.com.br\/jobs\/lg-mais\/produto\/tampao-com-aro-plastico\/"]}]},{"@type":"ImageObject","inLanguage":"pt-BR","@id":"https:\/\/present.bigfishco.com.br\/jobs\/lg-mais\/produto\/tampao-com-aro-plastico\/#primaryimage","url":"https:\/\/present.bigfishco.com.br\/jobs\/lg-mais\/wp-content\/uploads\/2024\/01\/TPPS3030PR-BGBR.png","contentUrl":"https:\/\/present.bigfishco.com.br\/jobs\/lg-mais\/wp-content\/uploads\/2024\/01\/TPPS3030PR-BGBR.png","width":1080,"height":1080},{"@type":"BreadcrumbList","@id":"https:\/\/present.bigfishco.com.br\/jobs\/lg-mais\/produto\/tampao-com-aro-plastico\/#breadcrumb","itemListElement":[{"@type":"ListItem","position":1,"name":"In\u00edcio","item":"https:\/\/present.bigfishco.com.br\/jobs\/lg-mais\/"},{"@type":"ListItem","position":2,"name":"Shop","item":"https:\/\/present.bigfishco.com.br\/jobs\/lg-mais\/shop\/"},{"@type":"ListItem","position":3,"name":"TAMP\u00c3O COM ARO PL\u00c1STICO"}]},{"@type":"WebSite","@id":"https:\/\/present.bigfishco.com.br\/jobs\/lg-mais\/#website","url":"https:\/\/present.bigfishco.com.br\/jobs\/lg-mais\/","name":"LGMAIS","description":"","potentialAction":[{"@type":"SearchAction","target":{"@type":"EntryPoint","urlTemplate":"https:\/\/present.bigfishco.com.br\/jobs\/lg-mais\/?s={search_term_string}"},"query-input":"required name=search_term_string"}],"inLanguage":"pt-BR"}]}},"_links":{"self":[{"href":"https:\/\/present.bigfishco.com.br\/jobs\/lg-mais\/wp-json\/wp\/v2\/product\/696","targetHints":{"allow":["GET"]}}],"collection":[{"href":"https:\/\/present.bigfishco.com.br\/jobs\/lg-mais\/wp-json\/wp\/v2\/product"}],"about":[{"href":"https:\/\/present.bigfishco.com.br\/jobs\/lg-mais\/wp-json\/wp\/v2\/types\/product"}],"replies":[{"embeddable":true,"href":"https:\/\/present.bigfishco.com.br\/jobs\/lg-mais\/wp-json\/wp\/v2\/comments?post=696"}],"wp:featuredmedia":[{"embeddable":true,"href":"https:\/\/present.bigfishco.com.br\/jobs\/lg-mais\/wp-json\/wp\/v2\/media\/697"}],"wp:attachment":[{"href":"https:\/\/present.bigfishco.com.br\/jobs\/lg-mais\/wp-json\/wp\/v2\/media?parent=696"}],"wp:term":[{"taxonomy":"product_cat","embeddable":true,"href":"https:\/\/present.bigfishco.com.br\/jobs\/lg-mais\/wp-json\/wp\/v2\/product_cat?post=696"},{"taxonomy":"product_tag","embeddable":true,"href":"https:\/\/present.bigfishco.com.br\/jobs\/lg-mais\/wp-json\/wp\/v2\/product_tag?post=696"}],"curies":[{"name":"wp","href":"https:\/\/api.w.org\/{rel}","templated":true}]}}