{"id":712,"date":"2024-01-04T17:32:34","date_gmt":"2024-01-04T20:32:34","guid":{"rendered":"https:\/\/present.bigfishco.com.br\/jobs\/lg-mais\/?post_type=product&#038;p=712"},"modified":"2024-02-28T16:12:46","modified_gmt":"2024-02-28T19:12:46","slug":"conjunto-de-grelha-e-porta-grelha-reta-linear-veicular-aluminio","status":"publish","type":"product","link":"https:\/\/present.bigfishco.com.br\/jobs\/lg-mais\/produto\/conjunto-de-grelha-e-porta-grelha-reta-linear-veicular-aluminio\/","title":{"rendered":"CJ GRELHA VEICULAR ALUMINIO"},"content":{"rendered":"<p>Confira a linha de grelhas e porta grelhas da LGMAIS. Feitas com alum\u00ednio reciclado de alta qualidade, nossos produtos oferecem durabilidade, sustentabilidade e facilidade de instala\u00e7\u00e3o. Com efici\u00eancia na drenagem de \u00e1gua, resist\u00eancia ao tr\u00e1fego de ve\u00edculos e solu\u00e7\u00f5es modernas e funcionais, encontre o equil\u00edbrio perfeito entre forma e fun\u00e7\u00e3o em cada detalhe. 2.500kg de resist\u00eancia para modelo de 10x50cm e 10x100cm \/ 2.000kg de resist\u00eancia para os modelos de 15x50cm e 15x100cm \/ 1.500kgs de resist\u00eancia para os modelos 20x30cm, 20x50cm e 20x100cm <\/p>\n","protected":false},"excerpt":{"rendered":"<p>Confira a linha de grelhas e porta grelhas da LGMAIS. Feitas com alum\u00ednio reciclado de alta qualidade, nossos produtos oferecem durabilidade, sustentabilidade e facilidade de&#8230;<\/p>\n","protected":false},"featured_media":713,"comment_status":"closed","ping_status":"closed","template":"","meta":[],"product_cat":[56,53],"product_tag":[],"class_list":{"0":"post-712","1":"product","2":"type-product","3":"status-publish","4":"has-post-thumbnail","6":"product_cat-aluminio-veicular","7":"product_cat-veicular","9":"first","10":"instock","11":"shipping-taxable","12":"product-type-simple"},"acf":[],"yoast_head":"<!-- This site is optimized with the Yoast SEO plugin v22.9 - https:\/\/yoast.com\/wordpress\/plugins\/seo\/ -->\n<title>CJ GRELHA VEICULAR ALUMINIO - LGMAIS<\/title>\n<meta name=\"robots\" content=\"index, follow, max-snippet:-1, max-image-preview:large, max-video-preview:-1\" \/>\n<link rel=\"canonical\" href=\"https:\/\/present.bigfishco.com.br\/jobs\/lg-mais\/produto\/conjunto-de-grelha-e-porta-grelha-reta-linear-veicular-aluminio\/\" \/>\n<meta property=\"og:locale\" content=\"pt_BR\" \/>\n<meta property=\"og:type\" content=\"article\" \/>\n<meta property=\"og:title\" content=\"CJ GRELHA VEICULAR ALUMINIO - LGMAIS\" \/>\n<meta property=\"og:description\" content=\"Confira a linha de grelhas e porta grelhas da LGMAIS. Feitas com alum\u00ednio reciclado de alta qualidade, nossos produtos oferecem durabilidade, sustentabilidade e facilidade de...\" \/>\n<meta property=\"og:url\" content=\"https:\/\/present.bigfishco.com.br\/jobs\/lg-mais\/produto\/conjunto-de-grelha-e-porta-grelha-reta-linear-veicular-aluminio\/\" \/>\n<meta property=\"og:site_name\" content=\"LGMAIS\" \/>\n<meta property=\"article:modified_time\" content=\"2024-02-28T19:12:46+00:00\" \/>\n<meta property=\"og:image\" content=\"https:\/\/present.bigfishco.com.br\/jobs\/lg-mais\/wp-content\/uploads\/2024\/01\/CJ1050E-01-BGBR.png\" \/>\n\t<meta property=\"og:image:width\" content=\"1080\" \/>\n\t<meta property=\"og:image:height\" content=\"1080\" \/>\n\t<meta property=\"og:image:type\" content=\"image\/png\" \/>\n<meta name=\"twitter:card\" content=\"summary_large_image\" \/>\n<meta name=\"twitter:label1\" content=\"Est. tempo de leitura\" \/>\n\t<meta name=\"twitter:data1\" content=\"1 minuto\" \/>\n<script type=\"application\/ld+json\" class=\"yoast-schema-graph\">{\"@context\":\"https:\/\/schema.org\",\"@graph\":[{\"@type\":\"WebPage\",\"@id\":\"https:\/\/present.bigfishco.com.br\/jobs\/lg-mais\/produto\/conjunto-de-grelha-e-porta-grelha-reta-linear-veicular-aluminio\/\",\"url\":\"https:\/\/present.bigfishco.com.br\/jobs\/lg-mais\/produto\/conjunto-de-grelha-e-porta-grelha-reta-linear-veicular-aluminio\/\",\"name\":\"CJ GRELHA VEICULAR ALUMINIO - LGMAIS\",\"isPartOf\":{\"@id\":\"https:\/\/present.bigfishco.com.br\/jobs\/lg-mais\/#website\"},\"primaryImageOfPage\":{\"@id\":\"https:\/\/present.bigfishco.com.br\/jobs\/lg-mais\/produto\/conjunto-de-grelha-e-porta-grelha-reta-linear-veicular-aluminio\/#primaryimage\"},\"image\":{\"@id\":\"https:\/\/present.bigfishco.com.br\/jobs\/lg-mais\/produto\/conjunto-de-grelha-e-porta-grelha-reta-linear-veicular-aluminio\/#primaryimage\"},\"thumbnailUrl\":\"https:\/\/present.bigfishco.com.br\/jobs\/lg-mais\/wp-content\/uploads\/2024\/01\/CJ1050E-01-BGBR.png\",\"datePublished\":\"2024-01-04T20:32:34+00:00\",\"dateModified\":\"2024-02-28T19:12:46+00:00\",\"breadcrumb\":{\"@id\":\"https:\/\/present.bigfishco.com.br\/jobs\/lg-mais\/produto\/conjunto-de-grelha-e-porta-grelha-reta-linear-veicular-aluminio\/#breadcrumb\"},\"inLanguage\":\"pt-BR\",\"potentialAction\":[{\"@type\":\"ReadAction\",\"target\":[\"https:\/\/present.bigfishco.com.br\/jobs\/lg-mais\/produto\/conjunto-de-grelha-e-porta-grelha-reta-linear-veicular-aluminio\/\"]}]},{\"@type\":\"ImageObject\",\"inLanguage\":\"pt-BR\",\"@id\":\"https:\/\/present.bigfishco.com.br\/jobs\/lg-mais\/produto\/conjunto-de-grelha-e-porta-grelha-reta-linear-veicular-aluminio\/#primaryimage\",\"url\":\"https:\/\/present.bigfishco.com.br\/jobs\/lg-mais\/wp-content\/uploads\/2024\/01\/CJ1050E-01-BGBR.png\",\"contentUrl\":\"https:\/\/present.bigfishco.com.br\/jobs\/lg-mais\/wp-content\/uploads\/2024\/01\/CJ1050E-01-BGBR.png\",\"width\":1080,\"height\":1080},{\"@type\":\"BreadcrumbList\",\"@id\":\"https:\/\/present.bigfishco.com.br\/jobs\/lg-mais\/produto\/conjunto-de-grelha-e-porta-grelha-reta-linear-veicular-aluminio\/#breadcrumb\",\"itemListElement\":[{\"@type\":\"ListItem\",\"position\":1,\"name\":\"In\u00edcio\",\"item\":\"https:\/\/present.bigfishco.com.br\/jobs\/lg-mais\/\"},{\"@type\":\"ListItem\",\"position\":2,\"name\":\"Shop\",\"item\":\"https:\/\/present.bigfishco.com.br\/jobs\/lg-mais\/shop\/\"},{\"@type\":\"ListItem\",\"position\":3,\"name\":\"CJ GRELHA VEICULAR ALUMINIO\"}]},{\"@type\":\"WebSite\",\"@id\":\"https:\/\/present.bigfishco.com.br\/jobs\/lg-mais\/#website\",\"url\":\"https:\/\/present.bigfishco.com.br\/jobs\/lg-mais\/\",\"name\":\"LGMAIS\",\"description\":\"\",\"potentialAction\":[{\"@type\":\"SearchAction\",\"target\":{\"@type\":\"EntryPoint\",\"urlTemplate\":\"https:\/\/present.bigfishco.com.br\/jobs\/lg-mais\/?s={search_term_string}\"},\"query-input\":\"required name=search_term_string\"}],\"inLanguage\":\"pt-BR\"}]}<\/script>\n<!-- \/ Yoast SEO plugin. -->","yoast_head_json":{"title":"CJ GRELHA VEICULAR ALUMINIO - LGMAIS","robots":{"index":"index","follow":"follow","max-snippet":"max-snippet:-1","max-image-preview":"max-image-preview:large","max-video-preview":"max-video-preview:-1"},"canonical":"https:\/\/present.bigfishco.com.br\/jobs\/lg-mais\/produto\/conjunto-de-grelha-e-porta-grelha-reta-linear-veicular-aluminio\/","og_locale":"pt_BR","og_type":"article","og_title":"CJ GRELHA VEICULAR ALUMINIO - LGMAIS","og_description":"Confira a linha de grelhas e porta grelhas da LGMAIS. Feitas com alum\u00ednio reciclado de alta qualidade, nossos produtos oferecem durabilidade, sustentabilidade e facilidade de...","og_url":"https:\/\/present.bigfishco.com.br\/jobs\/lg-mais\/produto\/conjunto-de-grelha-e-porta-grelha-reta-linear-veicular-aluminio\/","og_site_name":"LGMAIS","article_modified_time":"2024-02-28T19:12:46+00:00","og_image":[{"width":1080,"height":1080,"url":"https:\/\/present.bigfishco.com.br\/jobs\/lg-mais\/wp-content\/uploads\/2024\/01\/CJ1050E-01-BGBR.png","type":"image\/png"}],"twitter_card":"summary_large_image","twitter_misc":{"Est. tempo de leitura":"1 minuto"},"schema":{"@context":"https:\/\/schema.org","@graph":[{"@type":"WebPage","@id":"https:\/\/present.bigfishco.com.br\/jobs\/lg-mais\/produto\/conjunto-de-grelha-e-porta-grelha-reta-linear-veicular-aluminio\/","url":"https:\/\/present.bigfishco.com.br\/jobs\/lg-mais\/produto\/conjunto-de-grelha-e-porta-grelha-reta-linear-veicular-aluminio\/","name":"CJ GRELHA VEICULAR ALUMINIO - LGMAIS","isPartOf":{"@id":"https:\/\/present.bigfishco.com.br\/jobs\/lg-mais\/#website"},"primaryImageOfPage":{"@id":"https:\/\/present.bigfishco.com.br\/jobs\/lg-mais\/produto\/conjunto-de-grelha-e-porta-grelha-reta-linear-veicular-aluminio\/#primaryimage"},"image":{"@id":"https:\/\/present.bigfishco.com.br\/jobs\/lg-mais\/produto\/conjunto-de-grelha-e-porta-grelha-reta-linear-veicular-aluminio\/#primaryimage"},"thumbnailUrl":"https:\/\/present.bigfishco.com.br\/jobs\/lg-mais\/wp-content\/uploads\/2024\/01\/CJ1050E-01-BGBR.png","datePublished":"2024-01-04T20:32:34+00:00","dateModified":"2024-02-28T19:12:46+00:00","breadcrumb":{"@id":"https:\/\/present.bigfishco.com.br\/jobs\/lg-mais\/produto\/conjunto-de-grelha-e-porta-grelha-reta-linear-veicular-aluminio\/#breadcrumb"},"inLanguage":"pt-BR","potentialAction":[{"@type":"ReadAction","target":["https:\/\/present.bigfishco.com.br\/jobs\/lg-mais\/produto\/conjunto-de-grelha-e-porta-grelha-reta-linear-veicular-aluminio\/"]}]},{"@type":"ImageObject","inLanguage":"pt-BR","@id":"https:\/\/present.bigfishco.com.br\/jobs\/lg-mais\/produto\/conjunto-de-grelha-e-porta-grelha-reta-linear-veicular-aluminio\/#primaryimage","url":"https:\/\/present.bigfishco.com.br\/jobs\/lg-mais\/wp-content\/uploads\/2024\/01\/CJ1050E-01-BGBR.png","contentUrl":"https:\/\/present.bigfishco.com.br\/jobs\/lg-mais\/wp-content\/uploads\/2024\/01\/CJ1050E-01-BGBR.png","width":1080,"height":1080},{"@type":"BreadcrumbList","@id":"https:\/\/present.bigfishco.com.br\/jobs\/lg-mais\/produto\/conjunto-de-grelha-e-porta-grelha-reta-linear-veicular-aluminio\/#breadcrumb","itemListElement":[{"@type":"ListItem","position":1,"name":"In\u00edcio","item":"https:\/\/present.bigfishco.com.br\/jobs\/lg-mais\/"},{"@type":"ListItem","position":2,"name":"Shop","item":"https:\/\/present.bigfishco.com.br\/jobs\/lg-mais\/shop\/"},{"@type":"ListItem","position":3,"name":"CJ GRELHA VEICULAR ALUMINIO"}]},{"@type":"WebSite","@id":"https:\/\/present.bigfishco.com.br\/jobs\/lg-mais\/#website","url":"https:\/\/present.bigfishco.com.br\/jobs\/lg-mais\/","name":"LGMAIS","description":"","potentialAction":[{"@type":"SearchAction","target":{"@type":"EntryPoint","urlTemplate":"https:\/\/present.bigfishco.com.br\/jobs\/lg-mais\/?s={search_term_string}"},"query-input":"required name=search_term_string"}],"inLanguage":"pt-BR"}]}},"_links":{"self":[{"href":"https:\/\/present.bigfishco.com.br\/jobs\/lg-mais\/wp-json\/wp\/v2\/product\/712","targetHints":{"allow":["GET"]}}],"collection":[{"href":"https:\/\/present.bigfishco.com.br\/jobs\/lg-mais\/wp-json\/wp\/v2\/product"}],"about":[{"href":"https:\/\/present.bigfishco.com.br\/jobs\/lg-mais\/wp-json\/wp\/v2\/types\/product"}],"replies":[{"embeddable":true,"href":"https:\/\/present.bigfishco.com.br\/jobs\/lg-mais\/wp-json\/wp\/v2\/comments?post=712"}],"wp:featuredmedia":[{"embeddable":true,"href":"https:\/\/present.bigfishco.com.br\/jobs\/lg-mais\/wp-json\/wp\/v2\/media\/713"}],"wp:attachment":[{"href":"https:\/\/present.bigfishco.com.br\/jobs\/lg-mais\/wp-json\/wp\/v2\/media?parent=712"}],"wp:term":[{"taxonomy":"product_cat","embeddable":true,"href":"https:\/\/present.bigfishco.com.br\/jobs\/lg-mais\/wp-json\/wp\/v2\/product_cat?post=712"},{"taxonomy":"product_tag","embeddable":true,"href":"https:\/\/present.bigfishco.com.br\/jobs\/lg-mais\/wp-json\/wp\/v2\/product_tag?post=712"}],"curies":[{"name":"wp","href":"https:\/\/api.w.org\/{rel}","templated":true}]}}