{"id":774,"date":"2024-01-08T10:50:18","date_gmt":"2024-01-08T13:50:18","guid":{"rendered":"https:\/\/present.bigfishco.com.br\/jobs\/lg-mais\/?post_type=product&#038;p=774"},"modified":"2024-03-05T16:07:54","modified_gmt":"2024-03-05T19:07:54","slug":"ralo-linear-flat-com-caixa-coletora-sequencial-plastico","status":"publish","type":"product","link":"https:\/\/present.bigfishco.com.br\/jobs\/lg-mais\/produto\/ralo-linear-flat-com-caixa-coletora-sequencial-plastico\/","title":{"rendered":"RALO LINEAR SEQUENCIAL INOX"},"content":{"rendered":"<p>O ralo linear sequencial \u00e9 uma solu\u00e7\u00e3o moderna e vers\u00e1til para a drenagem eficiente de \u00e1gua em ambientes variados, como banheiros, cozinhas e piscinas. Diferenciando-se pelo design linear, destaca-se pela capacidade de escoamento r\u00e1pido e f\u00e1cil limpeza, com impurezas retidas na grelha. Sua caracter\u00edstica ajust\u00e1vel permite a interconex\u00e3o para formar o tamanho desejado, proporcionando uma solu\u00e7\u00e3o adapt\u00e1vel e pr\u00e1tica para diferentes necessidades de drenagem. Caixa coletora com 2 sa\u00eddas centrais de 1 \u00bd\u2019\u2019 por baixo e sa\u00eddas laterais de 1 \u00bd\u2019\u2019.<\/p>\n","protected":false},"excerpt":{"rendered":"<p>O ralo linear sequencial \u00e9 uma solu\u00e7\u00e3o moderna e vers\u00e1til para a drenagem eficiente de \u00e1gua em ambientes variados, como banheiros, cozinhas e piscinas. Diferenciando-se&#8230;<\/p>\n","protected":false},"featured_media":775,"comment_status":"closed","ping_status":"closed","template":"","meta":[],"product_cat":[57],"product_tag":[],"class_list":{"0":"post-774","1":"product","2":"type-product","3":"status-publish","4":"has-post-thumbnail","6":"product_cat-ralos-lineares","8":"first","9":"instock","10":"shipping-taxable","11":"product-type-simple"},"acf":[],"yoast_head":"<!-- This site is optimized with the Yoast SEO plugin v22.9 - https:\/\/yoast.com\/wordpress\/plugins\/seo\/ -->\n<title>RALO LINEAR SEQUENCIAL INOX - LGMAIS<\/title>\n<meta name=\"robots\" content=\"index, follow, max-snippet:-1, max-image-preview:large, max-video-preview:-1\" \/>\n<link rel=\"canonical\" href=\"https:\/\/present.bigfishco.com.br\/jobs\/lg-mais\/produto\/ralo-linear-flat-com-caixa-coletora-sequencial-plastico\/\" \/>\n<meta property=\"og:locale\" content=\"pt_BR\" \/>\n<meta property=\"og:type\" content=\"article\" \/>\n<meta property=\"og:title\" content=\"RALO LINEAR SEQUENCIAL INOX - LGMAIS\" \/>\n<meta property=\"og:description\" content=\"O ralo linear sequencial \u00e9 uma solu\u00e7\u00e3o moderna e vers\u00e1til para a drenagem eficiente de \u00e1gua em ambientes variados, como banheiros, cozinhas e piscinas. Diferenciando-se...\" \/>\n<meta property=\"og:url\" content=\"https:\/\/present.bigfishco.com.br\/jobs\/lg-mais\/produto\/ralo-linear-flat-com-caixa-coletora-sequencial-plastico\/\" \/>\n<meta property=\"og:site_name\" content=\"LGMAIS\" \/>\n<meta property=\"article:modified_time\" content=\"2024-03-05T19:07:54+00:00\" \/>\n<meta property=\"og:image\" content=\"https:\/\/present.bigfishco.com.br\/jobs\/lg-mais\/wp-content\/uploads\/2024\/01\/RLIN550SQFL-BGBR.png\" \/>\n\t<meta property=\"og:image:width\" content=\"1080\" \/>\n\t<meta property=\"og:image:height\" content=\"1080\" \/>\n\t<meta property=\"og:image:type\" content=\"image\/png\" \/>\n<meta name=\"twitter:card\" content=\"summary_large_image\" \/>\n<script type=\"application\/ld+json\" class=\"yoast-schema-graph\">{\"@context\":\"https:\/\/schema.org\",\"@graph\":[{\"@type\":\"WebPage\",\"@id\":\"https:\/\/present.bigfishco.com.br\/jobs\/lg-mais\/produto\/ralo-linear-flat-com-caixa-coletora-sequencial-plastico\/\",\"url\":\"https:\/\/present.bigfishco.com.br\/jobs\/lg-mais\/produto\/ralo-linear-flat-com-caixa-coletora-sequencial-plastico\/\",\"name\":\"RALO LINEAR SEQUENCIAL INOX - LGMAIS\",\"isPartOf\":{\"@id\":\"https:\/\/present.bigfishco.com.br\/jobs\/lg-mais\/#website\"},\"primaryImageOfPage\":{\"@id\":\"https:\/\/present.bigfishco.com.br\/jobs\/lg-mais\/produto\/ralo-linear-flat-com-caixa-coletora-sequencial-plastico\/#primaryimage\"},\"image\":{\"@id\":\"https:\/\/present.bigfishco.com.br\/jobs\/lg-mais\/produto\/ralo-linear-flat-com-caixa-coletora-sequencial-plastico\/#primaryimage\"},\"thumbnailUrl\":\"https:\/\/present.bigfishco.com.br\/jobs\/lg-mais\/wp-content\/uploads\/2024\/01\/RLIN550SQFL-BGBR.png\",\"datePublished\":\"2024-01-08T13:50:18+00:00\",\"dateModified\":\"2024-03-05T19:07:54+00:00\",\"breadcrumb\":{\"@id\":\"https:\/\/present.bigfishco.com.br\/jobs\/lg-mais\/produto\/ralo-linear-flat-com-caixa-coletora-sequencial-plastico\/#breadcrumb\"},\"inLanguage\":\"pt-BR\",\"potentialAction\":[{\"@type\":\"ReadAction\",\"target\":[\"https:\/\/present.bigfishco.com.br\/jobs\/lg-mais\/produto\/ralo-linear-flat-com-caixa-coletora-sequencial-plastico\/\"]}]},{\"@type\":\"ImageObject\",\"inLanguage\":\"pt-BR\",\"@id\":\"https:\/\/present.bigfishco.com.br\/jobs\/lg-mais\/produto\/ralo-linear-flat-com-caixa-coletora-sequencial-plastico\/#primaryimage\",\"url\":\"https:\/\/present.bigfishco.com.br\/jobs\/lg-mais\/wp-content\/uploads\/2024\/01\/RLIN550SQFL-BGBR.png\",\"contentUrl\":\"https:\/\/present.bigfishco.com.br\/jobs\/lg-mais\/wp-content\/uploads\/2024\/01\/RLIN550SQFL-BGBR.png\",\"width\":1080,\"height\":1080},{\"@type\":\"BreadcrumbList\",\"@id\":\"https:\/\/present.bigfishco.com.br\/jobs\/lg-mais\/produto\/ralo-linear-flat-com-caixa-coletora-sequencial-plastico\/#breadcrumb\",\"itemListElement\":[{\"@type\":\"ListItem\",\"position\":1,\"name\":\"In\u00edcio\",\"item\":\"https:\/\/present.bigfishco.com.br\/jobs\/lg-mais\/\"},{\"@type\":\"ListItem\",\"position\":2,\"name\":\"Shop\",\"item\":\"https:\/\/present.bigfishco.com.br\/jobs\/lg-mais\/shop\/\"},{\"@type\":\"ListItem\",\"position\":3,\"name\":\"RALO LINEAR SEQUENCIAL INOX\"}]},{\"@type\":\"WebSite\",\"@id\":\"https:\/\/present.bigfishco.com.br\/jobs\/lg-mais\/#website\",\"url\":\"https:\/\/present.bigfishco.com.br\/jobs\/lg-mais\/\",\"name\":\"LGMAIS\",\"description\":\"\",\"potentialAction\":[{\"@type\":\"SearchAction\",\"target\":{\"@type\":\"EntryPoint\",\"urlTemplate\":\"https:\/\/present.bigfishco.com.br\/jobs\/lg-mais\/?s={search_term_string}\"},\"query-input\":\"required name=search_term_string\"}],\"inLanguage\":\"pt-BR\"}]}<\/script>\n<!-- \/ Yoast SEO plugin. -->","yoast_head_json":{"title":"RALO LINEAR SEQUENCIAL INOX - LGMAIS","robots":{"index":"index","follow":"follow","max-snippet":"max-snippet:-1","max-image-preview":"max-image-preview:large","max-video-preview":"max-video-preview:-1"},"canonical":"https:\/\/present.bigfishco.com.br\/jobs\/lg-mais\/produto\/ralo-linear-flat-com-caixa-coletora-sequencial-plastico\/","og_locale":"pt_BR","og_type":"article","og_title":"RALO LINEAR SEQUENCIAL INOX - LGMAIS","og_description":"O ralo linear sequencial \u00e9 uma solu\u00e7\u00e3o moderna e vers\u00e1til para a drenagem eficiente de \u00e1gua em ambientes variados, como banheiros, cozinhas e piscinas. Diferenciando-se...","og_url":"https:\/\/present.bigfishco.com.br\/jobs\/lg-mais\/produto\/ralo-linear-flat-com-caixa-coletora-sequencial-plastico\/","og_site_name":"LGMAIS","article_modified_time":"2024-03-05T19:07:54+00:00","og_image":[{"width":1080,"height":1080,"url":"https:\/\/present.bigfishco.com.br\/jobs\/lg-mais\/wp-content\/uploads\/2024\/01\/RLIN550SQFL-BGBR.png","type":"image\/png"}],"twitter_card":"summary_large_image","schema":{"@context":"https:\/\/schema.org","@graph":[{"@type":"WebPage","@id":"https:\/\/present.bigfishco.com.br\/jobs\/lg-mais\/produto\/ralo-linear-flat-com-caixa-coletora-sequencial-plastico\/","url":"https:\/\/present.bigfishco.com.br\/jobs\/lg-mais\/produto\/ralo-linear-flat-com-caixa-coletora-sequencial-plastico\/","name":"RALO LINEAR SEQUENCIAL INOX - LGMAIS","isPartOf":{"@id":"https:\/\/present.bigfishco.com.br\/jobs\/lg-mais\/#website"},"primaryImageOfPage":{"@id":"https:\/\/present.bigfishco.com.br\/jobs\/lg-mais\/produto\/ralo-linear-flat-com-caixa-coletora-sequencial-plastico\/#primaryimage"},"image":{"@id":"https:\/\/present.bigfishco.com.br\/jobs\/lg-mais\/produto\/ralo-linear-flat-com-caixa-coletora-sequencial-plastico\/#primaryimage"},"thumbnailUrl":"https:\/\/present.bigfishco.com.br\/jobs\/lg-mais\/wp-content\/uploads\/2024\/01\/RLIN550SQFL-BGBR.png","datePublished":"2024-01-08T13:50:18+00:00","dateModified":"2024-03-05T19:07:54+00:00","breadcrumb":{"@id":"https:\/\/present.bigfishco.com.br\/jobs\/lg-mais\/produto\/ralo-linear-flat-com-caixa-coletora-sequencial-plastico\/#breadcrumb"},"inLanguage":"pt-BR","potentialAction":[{"@type":"ReadAction","target":["https:\/\/present.bigfishco.com.br\/jobs\/lg-mais\/produto\/ralo-linear-flat-com-caixa-coletora-sequencial-plastico\/"]}]},{"@type":"ImageObject","inLanguage":"pt-BR","@id":"https:\/\/present.bigfishco.com.br\/jobs\/lg-mais\/produto\/ralo-linear-flat-com-caixa-coletora-sequencial-plastico\/#primaryimage","url":"https:\/\/present.bigfishco.com.br\/jobs\/lg-mais\/wp-content\/uploads\/2024\/01\/RLIN550SQFL-BGBR.png","contentUrl":"https:\/\/present.bigfishco.com.br\/jobs\/lg-mais\/wp-content\/uploads\/2024\/01\/RLIN550SQFL-BGBR.png","width":1080,"height":1080},{"@type":"BreadcrumbList","@id":"https:\/\/present.bigfishco.com.br\/jobs\/lg-mais\/produto\/ralo-linear-flat-com-caixa-coletora-sequencial-plastico\/#breadcrumb","itemListElement":[{"@type":"ListItem","position":1,"name":"In\u00edcio","item":"https:\/\/present.bigfishco.com.br\/jobs\/lg-mais\/"},{"@type":"ListItem","position":2,"name":"Shop","item":"https:\/\/present.bigfishco.com.br\/jobs\/lg-mais\/shop\/"},{"@type":"ListItem","position":3,"name":"RALO LINEAR SEQUENCIAL INOX"}]},{"@type":"WebSite","@id":"https:\/\/present.bigfishco.com.br\/jobs\/lg-mais\/#website","url":"https:\/\/present.bigfishco.com.br\/jobs\/lg-mais\/","name":"LGMAIS","description":"","potentialAction":[{"@type":"SearchAction","target":{"@type":"EntryPoint","urlTemplate":"https:\/\/present.bigfishco.com.br\/jobs\/lg-mais\/?s={search_term_string}"},"query-input":"required name=search_term_string"}],"inLanguage":"pt-BR"}]}},"_links":{"self":[{"href":"https:\/\/present.bigfishco.com.br\/jobs\/lg-mais\/wp-json\/wp\/v2\/product\/774","targetHints":{"allow":["GET"]}}],"collection":[{"href":"https:\/\/present.bigfishco.com.br\/jobs\/lg-mais\/wp-json\/wp\/v2\/product"}],"about":[{"href":"https:\/\/present.bigfishco.com.br\/jobs\/lg-mais\/wp-json\/wp\/v2\/types\/product"}],"replies":[{"embeddable":true,"href":"https:\/\/present.bigfishco.com.br\/jobs\/lg-mais\/wp-json\/wp\/v2\/comments?post=774"}],"wp:featuredmedia":[{"embeddable":true,"href":"https:\/\/present.bigfishco.com.br\/jobs\/lg-mais\/wp-json\/wp\/v2\/media\/775"}],"wp:attachment":[{"href":"https:\/\/present.bigfishco.com.br\/jobs\/lg-mais\/wp-json\/wp\/v2\/media?parent=774"}],"wp:term":[{"taxonomy":"product_cat","embeddable":true,"href":"https:\/\/present.bigfishco.com.br\/jobs\/lg-mais\/wp-json\/wp\/v2\/product_cat?post=774"},{"taxonomy":"product_tag","embeddable":true,"href":"https:\/\/present.bigfishco.com.br\/jobs\/lg-mais\/wp-json\/wp\/v2\/product_tag?post=774"}],"curies":[{"name":"wp","href":"https:\/\/api.w.org\/{rel}","templated":true}]}}