{"id":832,"date":"2024-01-08T11:30:38","date_gmt":"2024-01-08T14:30:38","guid":{"rendered":"https:\/\/present.bigfishco.com.br\/jobs\/lg-mais\/?post_type=product&#038;p=832"},"modified":"2024-02-22T17:50:24","modified_gmt":"2024-02-22T20:50:24","slug":"ralo-quadrado-oculto-inox-com-caixa-coletora-e-tela-protetora-plastico","status":"publish","type":"product","link":"https:\/\/present.bigfishco.com.br\/jobs\/lg-mais\/produto\/ralo-quadrado-oculto-inox-com-caixa-coletora-e-tela-protetora-plastico\/","title":{"rendered":"RALO QUADRADO OCULTO INOX PREMIUM"},"content":{"rendered":"<p>Com tampa oculta em Inox, o Ralo Quadrado Oculto Inox da LGMAIS \u00e9 uma solu\u00e7\u00e3o sofisticada e funcional para sistemas de drenagem. Com um design elegante, este ralo quadrado apresenta uma caracter\u00edstica oculta que proporciona uma est\u00e9tica moderna e limpa aos espa\u00e7os. Ideal para banheiros, cozinhas e \u00e1reas de servi\u00e7o, o Ralo Quadrado Oculto Inox Premium \u00e9 uma escolha premium para quem busca qualidade e durabilidade. Sa\u00edda por baixo de 4\u2019\u2019 e 6\u2019\u2019.<\/p>\n","protected":false},"excerpt":{"rendered":"<p>Com tampa oculta em Inox, o Ralo Quadrado Oculto Inox da LGMAIS \u00e9 uma solu\u00e7\u00e3o sofisticada e funcional para sistemas de drenagem. Com um design&#8230;<\/p>\n","protected":false},"featured_media":833,"comment_status":"closed","ping_status":"closed","template":"","meta":[],"product_cat":[59],"product_tag":[],"class_list":{"0":"post-832","1":"product","2":"type-product","3":"status-publish","4":"has-post-thumbnail","6":"product_cat-ralos-quadrados","8":"first","9":"instock","10":"shipping-taxable","11":"product-type-simple"},"acf":[],"yoast_head":"<!-- This site is optimized with the Yoast SEO plugin v22.9 - https:\/\/yoast.com\/wordpress\/plugins\/seo\/ -->\n<title>RALO QUADRADO OCULTO INOX PREMIUM - LGMAIS<\/title>\n<meta name=\"robots\" content=\"index, follow, max-snippet:-1, max-image-preview:large, max-video-preview:-1\" \/>\n<link rel=\"canonical\" href=\"https:\/\/present.bigfishco.com.br\/jobs\/lg-mais\/produto\/ralo-quadrado-oculto-inox-com-caixa-coletora-e-tela-protetora-plastico\/\" \/>\n<meta property=\"og:locale\" content=\"pt_BR\" \/>\n<meta property=\"og:type\" content=\"article\" \/>\n<meta property=\"og:title\" content=\"RALO QUADRADO OCULTO INOX PREMIUM - LGMAIS\" \/>\n<meta property=\"og:description\" content=\"Com tampa oculta em Inox, o Ralo Quadrado Oculto Inox da LGMAIS \u00e9 uma solu\u00e7\u00e3o sofisticada e funcional para sistemas de drenagem. Com um design...\" \/>\n<meta property=\"og:url\" content=\"https:\/\/present.bigfishco.com.br\/jobs\/lg-mais\/produto\/ralo-quadrado-oculto-inox-com-caixa-coletora-e-tela-protetora-plastico\/\" \/>\n<meta property=\"og:site_name\" content=\"LGMAIS\" \/>\n<meta property=\"article:modified_time\" content=\"2024-02-22T20:50:24+00:00\" \/>\n<meta property=\"og:image\" content=\"https:\/\/present.bigfishco.com.br\/jobs\/lg-mais\/wp-content\/uploads\/2024\/01\/RLIN1818CXBOC-02-SDCH-BGBR.jpg\" \/>\n\t<meta property=\"og:image:width\" content=\"1080\" \/>\n\t<meta property=\"og:image:height\" content=\"1080\" \/>\n\t<meta property=\"og:image:type\" content=\"image\/jpeg\" \/>\n<meta name=\"twitter:card\" content=\"summary_large_image\" \/>\n<script type=\"application\/ld+json\" class=\"yoast-schema-graph\">{\"@context\":\"https:\/\/schema.org\",\"@graph\":[{\"@type\":\"WebPage\",\"@id\":\"https:\/\/present.bigfishco.com.br\/jobs\/lg-mais\/produto\/ralo-quadrado-oculto-inox-com-caixa-coletora-e-tela-protetora-plastico\/\",\"url\":\"https:\/\/present.bigfishco.com.br\/jobs\/lg-mais\/produto\/ralo-quadrado-oculto-inox-com-caixa-coletora-e-tela-protetora-plastico\/\",\"name\":\"RALO QUADRADO OCULTO INOX PREMIUM - LGMAIS\",\"isPartOf\":{\"@id\":\"https:\/\/present.bigfishco.com.br\/jobs\/lg-mais\/#website\"},\"primaryImageOfPage\":{\"@id\":\"https:\/\/present.bigfishco.com.br\/jobs\/lg-mais\/produto\/ralo-quadrado-oculto-inox-com-caixa-coletora-e-tela-protetora-plastico\/#primaryimage\"},\"image\":{\"@id\":\"https:\/\/present.bigfishco.com.br\/jobs\/lg-mais\/produto\/ralo-quadrado-oculto-inox-com-caixa-coletora-e-tela-protetora-plastico\/#primaryimage\"},\"thumbnailUrl\":\"https:\/\/present.bigfishco.com.br\/jobs\/lg-mais\/wp-content\/uploads\/2024\/01\/RLIN1818CXBOC-02-SDCH-BGBR.jpg\",\"datePublished\":\"2024-01-08T14:30:38+00:00\",\"dateModified\":\"2024-02-22T20:50:24+00:00\",\"breadcrumb\":{\"@id\":\"https:\/\/present.bigfishco.com.br\/jobs\/lg-mais\/produto\/ralo-quadrado-oculto-inox-com-caixa-coletora-e-tela-protetora-plastico\/#breadcrumb\"},\"inLanguage\":\"pt-BR\",\"potentialAction\":[{\"@type\":\"ReadAction\",\"target\":[\"https:\/\/present.bigfishco.com.br\/jobs\/lg-mais\/produto\/ralo-quadrado-oculto-inox-com-caixa-coletora-e-tela-protetora-plastico\/\"]}]},{\"@type\":\"ImageObject\",\"inLanguage\":\"pt-BR\",\"@id\":\"https:\/\/present.bigfishco.com.br\/jobs\/lg-mais\/produto\/ralo-quadrado-oculto-inox-com-caixa-coletora-e-tela-protetora-plastico\/#primaryimage\",\"url\":\"https:\/\/present.bigfishco.com.br\/jobs\/lg-mais\/wp-content\/uploads\/2024\/01\/RLIN1818CXBOC-02-SDCH-BGBR.jpg\",\"contentUrl\":\"https:\/\/present.bigfishco.com.br\/jobs\/lg-mais\/wp-content\/uploads\/2024\/01\/RLIN1818CXBOC-02-SDCH-BGBR.jpg\",\"width\":1080,\"height\":1080},{\"@type\":\"BreadcrumbList\",\"@id\":\"https:\/\/present.bigfishco.com.br\/jobs\/lg-mais\/produto\/ralo-quadrado-oculto-inox-com-caixa-coletora-e-tela-protetora-plastico\/#breadcrumb\",\"itemListElement\":[{\"@type\":\"ListItem\",\"position\":1,\"name\":\"In\u00edcio\",\"item\":\"https:\/\/present.bigfishco.com.br\/jobs\/lg-mais\/\"},{\"@type\":\"ListItem\",\"position\":2,\"name\":\"Shop\",\"item\":\"https:\/\/present.bigfishco.com.br\/jobs\/lg-mais\/shop\/\"},{\"@type\":\"ListItem\",\"position\":3,\"name\":\"RALO QUADRADO OCULTO INOX PREMIUM\"}]},{\"@type\":\"WebSite\",\"@id\":\"https:\/\/present.bigfishco.com.br\/jobs\/lg-mais\/#website\",\"url\":\"https:\/\/present.bigfishco.com.br\/jobs\/lg-mais\/\",\"name\":\"LGMAIS\",\"description\":\"\",\"potentialAction\":[{\"@type\":\"SearchAction\",\"target\":{\"@type\":\"EntryPoint\",\"urlTemplate\":\"https:\/\/present.bigfishco.com.br\/jobs\/lg-mais\/?s={search_term_string}\"},\"query-input\":\"required name=search_term_string\"}],\"inLanguage\":\"pt-BR\"}]}<\/script>\n<!-- \/ Yoast SEO plugin. -->","yoast_head_json":{"title":"RALO QUADRADO OCULTO INOX PREMIUM - LGMAIS","robots":{"index":"index","follow":"follow","max-snippet":"max-snippet:-1","max-image-preview":"max-image-preview:large","max-video-preview":"max-video-preview:-1"},"canonical":"https:\/\/present.bigfishco.com.br\/jobs\/lg-mais\/produto\/ralo-quadrado-oculto-inox-com-caixa-coletora-e-tela-protetora-plastico\/","og_locale":"pt_BR","og_type":"article","og_title":"RALO QUADRADO OCULTO INOX PREMIUM - LGMAIS","og_description":"Com tampa oculta em Inox, o Ralo Quadrado Oculto Inox da LGMAIS \u00e9 uma solu\u00e7\u00e3o sofisticada e funcional para sistemas de drenagem. Com um design...","og_url":"https:\/\/present.bigfishco.com.br\/jobs\/lg-mais\/produto\/ralo-quadrado-oculto-inox-com-caixa-coletora-e-tela-protetora-plastico\/","og_site_name":"LGMAIS","article_modified_time":"2024-02-22T20:50:24+00:00","og_image":[{"width":1080,"height":1080,"url":"https:\/\/present.bigfishco.com.br\/jobs\/lg-mais\/wp-content\/uploads\/2024\/01\/RLIN1818CXBOC-02-SDCH-BGBR.jpg","type":"image\/jpeg"}],"twitter_card":"summary_large_image","schema":{"@context":"https:\/\/schema.org","@graph":[{"@type":"WebPage","@id":"https:\/\/present.bigfishco.com.br\/jobs\/lg-mais\/produto\/ralo-quadrado-oculto-inox-com-caixa-coletora-e-tela-protetora-plastico\/","url":"https:\/\/present.bigfishco.com.br\/jobs\/lg-mais\/produto\/ralo-quadrado-oculto-inox-com-caixa-coletora-e-tela-protetora-plastico\/","name":"RALO QUADRADO OCULTO INOX PREMIUM - LGMAIS","isPartOf":{"@id":"https:\/\/present.bigfishco.com.br\/jobs\/lg-mais\/#website"},"primaryImageOfPage":{"@id":"https:\/\/present.bigfishco.com.br\/jobs\/lg-mais\/produto\/ralo-quadrado-oculto-inox-com-caixa-coletora-e-tela-protetora-plastico\/#primaryimage"},"image":{"@id":"https:\/\/present.bigfishco.com.br\/jobs\/lg-mais\/produto\/ralo-quadrado-oculto-inox-com-caixa-coletora-e-tela-protetora-plastico\/#primaryimage"},"thumbnailUrl":"https:\/\/present.bigfishco.com.br\/jobs\/lg-mais\/wp-content\/uploads\/2024\/01\/RLIN1818CXBOC-02-SDCH-BGBR.jpg","datePublished":"2024-01-08T14:30:38+00:00","dateModified":"2024-02-22T20:50:24+00:00","breadcrumb":{"@id":"https:\/\/present.bigfishco.com.br\/jobs\/lg-mais\/produto\/ralo-quadrado-oculto-inox-com-caixa-coletora-e-tela-protetora-plastico\/#breadcrumb"},"inLanguage":"pt-BR","potentialAction":[{"@type":"ReadAction","target":["https:\/\/present.bigfishco.com.br\/jobs\/lg-mais\/produto\/ralo-quadrado-oculto-inox-com-caixa-coletora-e-tela-protetora-plastico\/"]}]},{"@type":"ImageObject","inLanguage":"pt-BR","@id":"https:\/\/present.bigfishco.com.br\/jobs\/lg-mais\/produto\/ralo-quadrado-oculto-inox-com-caixa-coletora-e-tela-protetora-plastico\/#primaryimage","url":"https:\/\/present.bigfishco.com.br\/jobs\/lg-mais\/wp-content\/uploads\/2024\/01\/RLIN1818CXBOC-02-SDCH-BGBR.jpg","contentUrl":"https:\/\/present.bigfishco.com.br\/jobs\/lg-mais\/wp-content\/uploads\/2024\/01\/RLIN1818CXBOC-02-SDCH-BGBR.jpg","width":1080,"height":1080},{"@type":"BreadcrumbList","@id":"https:\/\/present.bigfishco.com.br\/jobs\/lg-mais\/produto\/ralo-quadrado-oculto-inox-com-caixa-coletora-e-tela-protetora-plastico\/#breadcrumb","itemListElement":[{"@type":"ListItem","position":1,"name":"In\u00edcio","item":"https:\/\/present.bigfishco.com.br\/jobs\/lg-mais\/"},{"@type":"ListItem","position":2,"name":"Shop","item":"https:\/\/present.bigfishco.com.br\/jobs\/lg-mais\/shop\/"},{"@type":"ListItem","position":3,"name":"RALO QUADRADO OCULTO INOX PREMIUM"}]},{"@type":"WebSite","@id":"https:\/\/present.bigfishco.com.br\/jobs\/lg-mais\/#website","url":"https:\/\/present.bigfishco.com.br\/jobs\/lg-mais\/","name":"LGMAIS","description":"","potentialAction":[{"@type":"SearchAction","target":{"@type":"EntryPoint","urlTemplate":"https:\/\/present.bigfishco.com.br\/jobs\/lg-mais\/?s={search_term_string}"},"query-input":"required name=search_term_string"}],"inLanguage":"pt-BR"}]}},"_links":{"self":[{"href":"https:\/\/present.bigfishco.com.br\/jobs\/lg-mais\/wp-json\/wp\/v2\/product\/832","targetHints":{"allow":["GET"]}}],"collection":[{"href":"https:\/\/present.bigfishco.com.br\/jobs\/lg-mais\/wp-json\/wp\/v2\/product"}],"about":[{"href":"https:\/\/present.bigfishco.com.br\/jobs\/lg-mais\/wp-json\/wp\/v2\/types\/product"}],"replies":[{"embeddable":true,"href":"https:\/\/present.bigfishco.com.br\/jobs\/lg-mais\/wp-json\/wp\/v2\/comments?post=832"}],"wp:featuredmedia":[{"embeddable":true,"href":"https:\/\/present.bigfishco.com.br\/jobs\/lg-mais\/wp-json\/wp\/v2\/media\/833"}],"wp:attachment":[{"href":"https:\/\/present.bigfishco.com.br\/jobs\/lg-mais\/wp-json\/wp\/v2\/media?parent=832"}],"wp:term":[{"taxonomy":"product_cat","embeddable":true,"href":"https:\/\/present.bigfishco.com.br\/jobs\/lg-mais\/wp-json\/wp\/v2\/product_cat?post=832"},{"taxonomy":"product_tag","embeddable":true,"href":"https:\/\/present.bigfishco.com.br\/jobs\/lg-mais\/wp-json\/wp\/v2\/product_tag?post=832"}],"curies":[{"name":"wp","href":"https:\/\/api.w.org\/{rel}","templated":true}]}}